{"id":2,"date":"2025-06-08T19:15:56","date_gmt":"2025-06-08T19:15:56","guid":{"rendered":"https:\/\/artevistasocialclub.com\/?page_id=2"},"modified":"2025-06-09T17:53:54","modified_gmt":"2025-06-09T17:53:54","slug":"home","status":"publish","type":"page","link":"https:\/\/artevistasocialclub.com\/","title":{"rendered":"Home"},"content":{"rendered":"\t\t<div data-elementor-type=\"wp-page\" data-elementor-id=\"2\" class=\"elementor elementor-2\">\n\t\t\t\t<div class=\"elementor-element elementor-element-d772323 e-con-full e-flex e-con e-parent\" data-id=\"d772323\" data-element_type=\"container\" data-e-type=\"container\" data-settings=\"{&quot;background_background&quot;:&quot;classic&quot;}\">\n\t\t\t\t<div class=\"elementor-element elementor-element-b577380 elementor-widget elementor-widget-image\" data-id=\"b577380\" data-element_type=\"widget\" data-e-type=\"widget\" data-widget_type=\"image.default\">\n\t\t\t\t<div class=\"elementor-widget-container\">\n\t\t\t\t\t\t\t\t\t\t\t\t\t\t\t<img fetchpriority=\"high\" decoding=\"async\" width=\"800\" height=\"288\" src=\"https:\/\/artevistasocialclub.com\/wp-content\/uploads\/2025\/06\/Versao-4-1024x368.png\" class=\"attachment-large size-large wp-image-22\" alt=\"\" srcset=\"https:\/\/artevistasocialclub.com\/wp-content\/uploads\/2025\/06\/Versao-4-1024x368.png 1024w, https:\/\/artevistasocialclub.com\/wp-content\/uploads\/2025\/06\/Versao-4-300x108.png 300w, https:\/\/artevistasocialclub.com\/wp-content\/uploads\/2025\/06\/Versao-4-768x276.png 768w, https:\/\/artevistasocialclub.com\/wp-content\/uploads\/2025\/06\/Versao-4-1536x552.png 1536w, https:\/\/artevistasocialclub.com\/wp-content\/uploads\/2025\/06\/Versao-4-2048x736.png 2048w\" sizes=\"(max-width: 800px) 100vw, 800px\" \/>\t\t\t\t\t\t\t\t\t\t\t\t\t\t\t<\/div>\n\t\t\t\t<\/div>\n\t\t\t\t<div class=\"elementor-element elementor-element-88e8eab elementor-widget elementor-widget-heading\" data-id=\"88e8eab\" data-element_type=\"widget\" data-e-type=\"widget\" data-widget_type=\"heading.default\">\n\t\t\t\t<div class=\"elementor-widget-container\">\n\t\t\t\t\t<h2 class=\"elementor-heading-title elementor-size-default\">SITE EM MANUTEN\u00c7\u00c3O<\/h2>\t\t\t\t<\/div>\n\t\t\t\t<\/div>\n\t\t\t\t<div class=\"elementor-element elementor-element-2304180 elementor-widget-mobile__width-initial elementor-widget elementor-widget-text-editor\" data-id=\"2304180\" data-element_type=\"widget\" data-e-type=\"widget\" data-widget_type=\"text-editor.default\">\n\t\t\t\t<div class=\"elementor-widget-container\">\n\t\t\t\t\t\t\t\t\t<p>Estamos atualizando nosso site para oferecer uma experi\u00eancia de navega\u00e7\u00e3o ainda melhor para voc\u00ea.<\/p>\t\t\t\t\t\t\t\t<\/div>\n\t\t\t\t<\/div>\n\t\t\t\t<\/div>\n\t\t\t\t<\/div>\n\t\t","protected":false},"excerpt":{"rendered":"<p>SITE EM MANUTEN\u00c7\u00c3O Estamos atualizando nosso site para oferecer uma experi\u00eancia de navega\u00e7\u00e3o ainda melhor para voc\u00ea.<\/p>\n","protected":false},"author":2,"featured_media":0,"parent":0,"menu_order":0,"comment_status":"closed","ping_status":"closed","template":"elementor_header_footer","meta":{"footnotes":""},"class_list":["post-2","page","type-page","status-publish","hentry"],"_links":{"self":[{"href":"https:\/\/artevistasocialclub.com\/index.php?rest_route=\/wp\/v2\/pages\/2","targetHints":{"allow":["GET"]}}],"collection":[{"href":"https:\/\/artevistasocialclub.com\/index.php?rest_route=\/wp\/v2\/pages"}],"about":[{"href":"https:\/\/artevistasocialclub.com\/index.php?rest_route=\/wp\/v2\/types\/page"}],"author":[{"embeddable":true,"href":"https:\/\/artevistasocialclub.com\/index.php?rest_route=\/wp\/v2\/users\/2"}],"replies":[{"embeddable":true,"href":"https:\/\/artevistasocialclub.com\/index.php?rest_route=%2Fwp%2Fv2%2Fcomments&post=2"}],"version-history":[{"count":42,"href":"https:\/\/artevistasocialclub.com\/index.php?rest_route=\/wp\/v2\/pages\/2\/revisions"}],"predecessor-version":[{"id":64,"href":"https:\/\/artevistasocialclub.com\/index.php?rest_route=\/wp\/v2\/pages\/2\/revisions\/64"}],"wp:attachment":[{"href":"https:\/\/artevistasocialclub.com\/index.php?rest_route=%2Fwp%2Fv2%2Fmedia&parent=2"}],"curies":[{"name":"wp","href":"https:\/\/api.w.org\/{rel}","templated":true}]}}